{"id":26697,"date":"2023-07-06T13:46:17","date_gmt":"2023-07-06T11:46:17","guid":{"rendered":"https:\/\/www.djmarkusrosenbaum.de\/?page_id=26697"},"modified":"2026-01-26T12:47:53","modified_gmt":"2026-01-26T11:47:53","slug":"contact","status":"publish","type":"page","link":"https:\/\/www.djmarkusrosenbaum.de\/en\/contact\/","title":{"rendered":"Contact"},"content":{"rendered":"\t\t<div data-elementor-type=\"wp-page\" data-elementor-id=\"26697\" class=\"elementor elementor-26697\">\n\t\t\t\t\t\t<section class=\"elementor-section elementor-top-section elementor-element elementor-element-0dd60b0 elementor-section-height-min-height elementor-section-boxed elementor-section-height-default elementor-section-items-middle\" data-id=\"0dd60b0\" data-element_type=\"section\" data-e-type=\"section\" data-settings=\"{&quot;background_background&quot;:&quot;classic&quot;}\">\n\t\t\t\t\t\t<div class=\"elementor-container elementor-column-gap-default\">\n\t\t\t\t\t<div class=\"elementor-column elementor-col-50 elementor-top-column elementor-element elementor-element-bd9e4de\" data-id=\"bd9e4de\" data-element_type=\"column\" data-e-type=\"column\">\n\t\t\t<div class=\"elementor-widget-wrap elementor-element-populated\">\n\t\t\t\t\t\t<div class=\"elementor-element elementor-element-1086224 elementor-widget__width-initial elementor-widget elementor-widget-heading\" data-id=\"1086224\" data-element_type=\"widget\" data-e-type=\"widget\" data-widget_type=\"heading.default\">\n\t\t\t\t<div class=\"elementor-widget-container\">\n\t\t\t\t\t<p class=\"elementor-heading-title elementor-size-default\">Contact<\/p>\t\t\t\t<\/div>\n\t\t\t\t<\/div>\n\t\t\t\t<div class=\"elementor-element elementor-element-1bd8326 uael-dual-heading-align-left elementor-widget elementor-widget-uael-dual-color-heading\" data-id=\"1bd8326\" data-element_type=\"widget\" data-e-type=\"widget\" data-widget_type=\"uael-dual-color-heading.default\">\n\t\t\t\t<div class=\"elementor-widget-container\">\n\t\t\t\t\t\t\t\t\t<div class=\"uael-module-content uael-dual-color-heading uael-stack-desktop-yes uael-heading-stack-\">\n\t\t\t<h1>\n\t\t\t\t\t\t\t\t\t\t\t\t\t\t\t\t<span class=\"uael-before-heading\"><span class=\"elementor-inline-editing uael-dual-heading-text uael-first-text\" data-elementor-setting-key=\"before_heading_text\" data-elementor-inline-editing-toolbar=\"basic\">Wedding-DJ <\/span><\/span><span class=\"uael-adv-heading-stack\"><span class=\"elementor-inline-editing uael-dual-heading-text uael-highlight-text\" data-elementor-setting-key=\"second_heading_text\" data-elementor-inline-editing-toolbar=\"basic\">Markus Rosenbaum<\/span><\/span>\t\t\t\t\t\t\t\t\t\t\t\t\t<\/h1>\n\t\t<\/div>\n\t\t\t\t\t\t<\/div>\n\t\t\t\t<\/div>\n\t\t\t\t<div class=\"elementor-element elementor-element-abf778b elementor-widget elementor-widget-text-editor\" data-id=\"abf778b\" data-element_type=\"widget\" data-e-type=\"widget\" data-widget_type=\"text-editor.default\">\n\t\t\t\t<div class=\"elementor-widget-container\">\n\t\t\t\t\t\t\t\t\t<p class=\"p1\"><strong>Markus Rosenbaum<\/strong><br>Lakronstra\u00dfe 89<br>40625 D\u00fcsseldorf<br>Germany<\/p>\n<p class=\"p2\">Phone: +49 (0)151 23007738<br>E-mail: <a class=\"darklink\" href=\"mailto:hello@djmarkusrosenbaum.de\"><span class=\"s1\">hello@djmarkusrosenbaum.de<\/span><\/a><\/p>\t\t\t\t\t\t\t\t<\/div>\n\t\t\t\t<\/div>\n\t\t\t\t\t<\/div>\n\t\t<\/div>\n\t\t\t\t<div class=\"elementor-column elementor-col-50 elementor-top-column elementor-element elementor-element-1645f31 elementor-hidden-mobile\" data-id=\"1645f31\" data-element_type=\"column\" data-e-type=\"column\">\n\t\t\t<div class=\"elementor-widget-wrap elementor-element-populated\">\n\t\t\t\t\t\t<div class=\"elementor-element elementor-element-a2c5146 elementor-widget elementor-widget-image\" data-id=\"a2c5146\" data-element_type=\"widget\" data-e-type=\"widget\" data-widget_type=\"image.default\">\n\t\t\t\t<div class=\"elementor-widget-container\">\n\t\t\t\t\t\t\t\t\t\t\t\t\t\t\t<img fetchpriority=\"high\" decoding=\"async\" width=\"1024\" height=\"683\" src=\"https:\/\/www.djmarkusrosenbaum.de\/wp-content\/uploads\/2025\/10\/DJ-Markus-Rosenbaum-Kontakt-1024x683.jpg\" class=\"attachment-large size-large wp-image-31907\" alt=\"Hochzeits-DJ anfragen: Ein klassisches wei\u00dfes Retro-Telefon mit W\u00e4hlscheibe als stilvolles Symbol f\u00fcr die Kontaktaufnahme mit Hochzeits-DJ Markus Rosenbaum.\" srcset=\"https:\/\/www.djmarkusrosenbaum.de\/wp-content\/uploads\/2025\/10\/DJ-Markus-Rosenbaum-Kontakt-1024x683.jpg 1024w, https:\/\/www.djmarkusrosenbaum.de\/wp-content\/uploads\/2025\/10\/DJ-Markus-Rosenbaum-Kontakt-300x200.jpg 300w, https:\/\/www.djmarkusrosenbaum.de\/wp-content\/uploads\/2025\/10\/DJ-Markus-Rosenbaum-Kontakt-768x512.jpg 768w, https:\/\/www.djmarkusrosenbaum.de\/wp-content\/uploads\/2025\/10\/DJ-Markus-Rosenbaum-Kontakt-1536x1024.jpg 1536w, https:\/\/www.djmarkusrosenbaum.de\/wp-content\/uploads\/2025\/10\/DJ-Markus-Rosenbaum-Kontakt-600x400.jpg 600w, https:\/\/www.djmarkusrosenbaum.de\/wp-content\/uploads\/2025\/10\/DJ-Markus-Rosenbaum-Kontakt.jpg 1600w\" sizes=\"(max-width: 1024px) 100vw, 1024px\" \/>\t\t\t\t\t\t\t\t\t\t\t\t\t\t\t<\/div>\n\t\t\t\t<\/div>\n\t\t\t\t\t<\/div>\n\t\t<\/div>\n\t\t\t\t\t<\/div>\n\t\t<\/section>\n\t\t\t\t<\/div>\n\t\t","protected":false},"excerpt":{"rendered":"<p>Contact Wedding-DJ Markus Rosenbaum Markus RosenbaumLakronstra\u00dfe 8940625 D\u00fcsseldorfGermany Phone: +49 (0)151 23007738E-mail: hello@djmarkusrosenbaum.de<\/p>\n","protected":false},"author":3,"featured_media":0,"parent":0,"menu_order":0,"comment_status":"closed","ping_status":"closed","template":"","meta":{"_acf_changed":false,"inline_featured_image":false,"_uag_custom_page_level_css":"","site-sidebar-layout":"default","site-content-layout":"default","ast-site-content-layout":"default","site-content-style":"default","site-sidebar-style":"default","ast-global-header-display":"","ast-banner-title-visibility":"","ast-main-header-display":"","ast-hfb-above-header-display":"","ast-hfb-below-header-display":"","ast-hfb-mobile-header-display":"","site-post-title":"disabled","ast-breadcrumbs-content":"","ast-featured-img":"","footer-sml-layout":"","ast-disable-related-posts":"","theme-transparent-header-meta":"default","adv-header-id-meta":"","stick-header-meta":"default","header-above-stick-meta":"","header-main-stick-meta":"","header-below-stick-meta":"","astra-migrate-meta-layouts":"set","ast-page-background-enabled":"default","ast-page-background-meta":{"desktop":{"background-color":"","background-image":"","background-repeat":"repeat","background-position":"center center","background-size":"auto","background-attachment":"scroll","background-type":"","background-media":"","overlay-type":"","overlay-color":"","overlay-opacity":"","overlay-gradient":""},"tablet":{"background-color":"","background-image":"","background-repeat":"repeat","background-position":"center center","background-size":"auto","background-attachment":"scroll","background-type":"","background-media":"","overlay-type":"","overlay-color":"","overlay-opacity":"","overlay-gradient":""},"mobile":{"background-color":"","background-image":"","background-repeat":"repeat","background-position":"center center","background-size":"auto","background-attachment":"scroll","background-type":"","background-media":"","overlay-type":"","overlay-color":"","overlay-opacity":"","overlay-gradient":""}},"ast-content-background-meta":{"desktop":{"background-color":"var(--ast-global-color-5)","background-image":"","background-repeat":"repeat","background-position":"center center","background-size":"auto","background-attachment":"scroll","background-type":"","background-media":"","overlay-type":"","overlay-color":"","overlay-opacity":"","overlay-gradient":""},"tablet":{"background-color":"var(--ast-global-color-5)","background-image":"","background-repeat":"repeat","background-position":"center center","background-size":"auto","background-attachment":"scroll","background-type":"","background-media":"","overlay-type":"","overlay-color":"","overlay-opacity":"","overlay-gradient":""},"mobile":{"background-color":"var(--ast-global-color-5)","background-image":"","background-repeat":"repeat","background-position":"center center","background-size":"auto","background-attachment":"scroll","background-type":"","background-media":"","overlay-type":"","overlay-color":"","overlay-opacity":"","overlay-gradient":""}},"footnotes":""},"class_list":["post-26697","page","type-page","status-publish","hentry"],"acf":[],"yoast_head":"<!-- This site is optimized with the Yoast SEO plugin v27.4 - https:\/\/yoast.com\/product\/yoast-seo-wordpress\/ -->\n<title>Contact - DJ Markus Rosenbaum - Top-DJ Deutschland<\/title>\n<meta name=\"robots\" content=\"noindex, follow\" \/>\n<meta property=\"og:locale\" content=\"en_US\" \/>\n<meta property=\"og:type\" content=\"article\" \/>\n<meta property=\"og:title\" content=\"Contact - DJ Markus Rosenbaum - Top-DJ Deutschland\" \/>\n<meta property=\"og:description\" content=\"Contact Wedding-DJ Markus Rosenbaum Markus RosenbaumLakronstra\u00dfe 8940625 D\u00fcsseldorfGermany Phone: +49 (0)151 23007738E-mail: hello@djmarkusrosenbaum.de\" \/>\n<meta property=\"og:url\" content=\"https:\/\/www.djmarkusrosenbaum.de\/en\/contact\/\" \/>\n<meta property=\"og:site_name\" content=\"DJ Markus Rosenbaum - Top-DJ Deutschland\" \/>\n<meta property=\"article:modified_time\" content=\"2026-01-26T11:47:53+00:00\" \/>\n<meta property=\"og:image\" content=\"https:\/\/www.djmarkusrosenbaum.de\/wp-content\/uploads\/2025\/10\/DJ-Markus-Rosenbaum-Kontakt.jpg\" \/>\n\t<meta property=\"og:image:width\" content=\"1600\" \/>\n\t<meta property=\"og:image:height\" content=\"1067\" \/>\n\t<meta property=\"og:image:type\" content=\"image\/jpeg\" \/>\n<meta name=\"twitter:label1\" content=\"Est. reading time\" \/>\n\t<meta name=\"twitter:data1\" content=\"1 minute\" \/>\n<script type=\"application\/ld+json\" class=\"yoast-schema-graph\">{\"@context\":\"https:\\\/\\\/schema.org\",\"@graph\":[{\"@type\":\"WebPage\",\"@id\":\"https:\\\/\\\/www.djmarkusrosenbaum.de\\\/en\\\/contact\\\/\",\"url\":\"https:\\\/\\\/www.djmarkusrosenbaum.de\\\/en\\\/contact\\\/\",\"name\":\"Contact - DJ Markus Rosenbaum - Top-DJ Deutschland\",\"isPartOf\":{\"@id\":\"https:\\\/\\\/www.djmarkusrosenbaum.de\\\/#website\"},\"primaryImageOfPage\":{\"@id\":\"https:\\\/\\\/www.djmarkusrosenbaum.de\\\/en\\\/contact\\\/#primaryimage\"},\"image\":{\"@id\":\"https:\\\/\\\/www.djmarkusrosenbaum.de\\\/en\\\/contact\\\/#primaryimage\"},\"thumbnailUrl\":\"https:\\\/\\\/www.djmarkusrosenbaum.de\\\/wp-content\\\/uploads\\\/2025\\\/10\\\/DJ-Markus-Rosenbaum-Kontakt-1024x683.jpg\",\"datePublished\":\"2023-07-06T11:46:17+00:00\",\"dateModified\":\"2026-01-26T11:47:53+00:00\",\"breadcrumb\":{\"@id\":\"https:\\\/\\\/www.djmarkusrosenbaum.de\\\/en\\\/contact\\\/#breadcrumb\"},\"inLanguage\":\"en-US\",\"potentialAction\":[{\"@type\":\"ReadAction\",\"target\":[\"https:\\\/\\\/www.djmarkusrosenbaum.de\\\/en\\\/contact\\\/\"]}]},{\"@type\":\"ImageObject\",\"inLanguage\":\"en-US\",\"@id\":\"https:\\\/\\\/www.djmarkusrosenbaum.de\\\/en\\\/contact\\\/#primaryimage\",\"url\":\"https:\\\/\\\/www.djmarkusrosenbaum.de\\\/wp-content\\\/uploads\\\/2025\\\/10\\\/DJ-Markus-Rosenbaum-Kontakt-1024x683.jpg\",\"contentUrl\":\"https:\\\/\\\/www.djmarkusrosenbaum.de\\\/wp-content\\\/uploads\\\/2025\\\/10\\\/DJ-Markus-Rosenbaum-Kontakt-1024x683.jpg\"},{\"@type\":\"BreadcrumbList\",\"@id\":\"https:\\\/\\\/www.djmarkusrosenbaum.de\\\/en\\\/contact\\\/#breadcrumb\",\"itemListElement\":[{\"@type\":\"ListItem\",\"position\":1,\"name\":\"Home\",\"item\":\"https:\\\/\\\/www.djmarkusrosenbaum.de\\\/\"},{\"@type\":\"ListItem\",\"position\":2,\"name\":\"Contact\"}]},{\"@type\":\"WebSite\",\"@id\":\"https:\\\/\\\/www.djmarkusrosenbaum.de\\\/#website\",\"url\":\"https:\\\/\\\/www.djmarkusrosenbaum.de\\\/\",\"name\":\"DJ Markus Rosenbaum - Top-DJ Deutschland\",\"description\":\"DJ f\u00fcr Hochzeiten und Events in D\u00fcsseldorf, K\u00f6ln und NRW\",\"publisher\":{\"@id\":\"https:\\\/\\\/www.djmarkusrosenbaum.de\\\/#organization\"},\"potentialAction\":[{\"@type\":\"SearchAction\",\"target\":{\"@type\":\"EntryPoint\",\"urlTemplate\":\"https:\\\/\\\/www.djmarkusrosenbaum.de\\\/?s={search_term_string}\"},\"query-input\":{\"@type\":\"PropertyValueSpecification\",\"valueRequired\":true,\"valueName\":\"search_term_string\"}}],\"inLanguage\":\"en-US\"},{\"@type\":\"Organization\",\"@id\":\"https:\\\/\\\/www.djmarkusrosenbaum.de\\\/#organization\",\"name\":\"DJ Markus Rosenbaum - Top-DJ Deutschland\",\"url\":\"https:\\\/\\\/www.djmarkusrosenbaum.de\\\/\",\"logo\":{\"@type\":\"ImageObject\",\"inLanguage\":\"en-US\",\"@id\":\"https:\\\/\\\/www.djmarkusrosenbaum.de\\\/#\\\/schema\\\/logo\\\/image\\\/\",\"url\":\"https:\\\/\\\/www.djmarkusrosenbaum.de\\\/wp-content\\\/uploads\\\/2017\\\/02\\\/cropped-logo-schwarz@2x.png\",\"contentUrl\":\"https:\\\/\\\/www.djmarkusrosenbaum.de\\\/wp-content\\\/uploads\\\/2017\\\/02\\\/cropped-logo-schwarz@2x.png\",\"width\":480,\"height\":481,\"caption\":\"DJ Markus Rosenbaum - Top-DJ Deutschland\"},\"image\":{\"@id\":\"https:\\\/\\\/www.djmarkusrosenbaum.de\\\/#\\\/schema\\\/logo\\\/image\\\/\"}}]}<\/script>\n<!-- \/ Yoast SEO plugin. -->","yoast_head_json":{"title":"Contact - DJ Markus Rosenbaum - Top-DJ Deutschland","robots":{"index":"noindex","follow":"follow"},"og_locale":"en_US","og_type":"article","og_title":"Contact - DJ Markus Rosenbaum - Top-DJ Deutschland","og_description":"Contact Wedding-DJ Markus Rosenbaum Markus RosenbaumLakronstra\u00dfe 8940625 D\u00fcsseldorfGermany Phone: +49 (0)151 23007738E-mail: hello@djmarkusrosenbaum.de","og_url":"https:\/\/www.djmarkusrosenbaum.de\/en\/contact\/","og_site_name":"DJ Markus Rosenbaum - Top-DJ Deutschland","article_modified_time":"2026-01-26T11:47:53+00:00","og_image":[{"width":1600,"height":1067,"url":"https:\/\/www.djmarkusrosenbaum.de\/wp-content\/uploads\/2025\/10\/DJ-Markus-Rosenbaum-Kontakt.jpg","type":"image\/jpeg"}],"twitter_misc":{"Est. reading time":"1 minute"},"schema":{"@context":"https:\/\/schema.org","@graph":[{"@type":"WebPage","@id":"https:\/\/www.djmarkusrosenbaum.de\/en\/contact\/","url":"https:\/\/www.djmarkusrosenbaum.de\/en\/contact\/","name":"Contact - DJ Markus Rosenbaum - Top-DJ Deutschland","isPartOf":{"@id":"https:\/\/www.djmarkusrosenbaum.de\/#website"},"primaryImageOfPage":{"@id":"https:\/\/www.djmarkusrosenbaum.de\/en\/contact\/#primaryimage"},"image":{"@id":"https:\/\/www.djmarkusrosenbaum.de\/en\/contact\/#primaryimage"},"thumbnailUrl":"https:\/\/www.djmarkusrosenbaum.de\/wp-content\/uploads\/2025\/10\/DJ-Markus-Rosenbaum-Kontakt-1024x683.jpg","datePublished":"2023-07-06T11:46:17+00:00","dateModified":"2026-01-26T11:47:53+00:00","breadcrumb":{"@id":"https:\/\/www.djmarkusrosenbaum.de\/en\/contact\/#breadcrumb"},"inLanguage":"en-US","potentialAction":[{"@type":"ReadAction","target":["https:\/\/www.djmarkusrosenbaum.de\/en\/contact\/"]}]},{"@type":"ImageObject","inLanguage":"en-US","@id":"https:\/\/www.djmarkusrosenbaum.de\/en\/contact\/#primaryimage","url":"https:\/\/www.djmarkusrosenbaum.de\/wp-content\/uploads\/2025\/10\/DJ-Markus-Rosenbaum-Kontakt-1024x683.jpg","contentUrl":"https:\/\/www.djmarkusrosenbaum.de\/wp-content\/uploads\/2025\/10\/DJ-Markus-Rosenbaum-Kontakt-1024x683.jpg"},{"@type":"BreadcrumbList","@id":"https:\/\/www.djmarkusrosenbaum.de\/en\/contact\/#breadcrumb","itemListElement":[{"@type":"ListItem","position":1,"name":"Home","item":"https:\/\/www.djmarkusrosenbaum.de\/"},{"@type":"ListItem","position":2,"name":"Contact"}]},{"@type":"WebSite","@id":"https:\/\/www.djmarkusrosenbaum.de\/#website","url":"https:\/\/www.djmarkusrosenbaum.de\/","name":"DJ Markus Rosenbaum - Top-DJ Deutschland","description":"DJ f\u00fcr Hochzeiten und Events in D\u00fcsseldorf, K\u00f6ln und NRW","publisher":{"@id":"https:\/\/www.djmarkusrosenbaum.de\/#organization"},"potentialAction":[{"@type":"SearchAction","target":{"@type":"EntryPoint","urlTemplate":"https:\/\/www.djmarkusrosenbaum.de\/?s={search_term_string}"},"query-input":{"@type":"PropertyValueSpecification","valueRequired":true,"valueName":"search_term_string"}}],"inLanguage":"en-US"},{"@type":"Organization","@id":"https:\/\/www.djmarkusrosenbaum.de\/#organization","name":"DJ Markus Rosenbaum - Top-DJ Deutschland","url":"https:\/\/www.djmarkusrosenbaum.de\/","logo":{"@type":"ImageObject","inLanguage":"en-US","@id":"https:\/\/www.djmarkusrosenbaum.de\/#\/schema\/logo\/image\/","url":"https:\/\/www.djmarkusrosenbaum.de\/wp-content\/uploads\/2017\/02\/cropped-logo-schwarz@2x.png","contentUrl":"https:\/\/www.djmarkusrosenbaum.de\/wp-content\/uploads\/2017\/02\/cropped-logo-schwarz@2x.png","width":480,"height":481,"caption":"DJ Markus Rosenbaum - Top-DJ Deutschland"},"image":{"@id":"https:\/\/www.djmarkusrosenbaum.de\/#\/schema\/logo\/image\/"}}]}},"uagb_featured_image_src":{"full":false,"thumbnail":false,"medium":false,"medium_large":false,"large":false,"1536x1536":false,"2048x2048":false,"kml-post-size":false,"gform-image-choice-sm":false,"gform-image-choice-md":false,"gform-image-choice-lg":false},"uagb_author_info":{"display_name":false,"author_link":"https:\/\/www.djmarkusrosenbaum.de\/en\/blog\/author\/djmarkus\/"},"uagb_comment_info":0,"uagb_excerpt":"Contact Wedding-DJ Markus Rosenbaum Markus RosenbaumLakronstra\u00dfe 8940625 D\u00fcsseldorfGermany Phone: +49 (0)151 23007738E-mail: hello@djmarkusrosenbaum.de","_links":{"self":[{"href":"https:\/\/www.djmarkusrosenbaum.de\/en\/wp-json\/wp\/v2\/pages\/26697","targetHints":{"allow":["GET"]}}],"collection":[{"href":"https:\/\/www.djmarkusrosenbaum.de\/en\/wp-json\/wp\/v2\/pages"}],"about":[{"href":"https:\/\/www.djmarkusrosenbaum.de\/en\/wp-json\/wp\/v2\/types\/page"}],"author":[{"embeddable":true,"href":"https:\/\/www.djmarkusrosenbaum.de\/en\/wp-json\/wp\/v2\/users\/3"}],"replies":[{"embeddable":true,"href":"https:\/\/www.djmarkusrosenbaum.de\/en\/wp-json\/wp\/v2\/comments?post=26697"}],"version-history":[{"count":0,"href":"https:\/\/www.djmarkusrosenbaum.de\/en\/wp-json\/wp\/v2\/pages\/26697\/revisions"}],"wp:attachment":[{"href":"https:\/\/www.djmarkusrosenbaum.de\/en\/wp-json\/wp\/v2\/media?parent=26697"}],"curies":[{"name":"wp","href":"https:\/\/api.w.org\/{rel}","templated":true}]}}