{"id":8812,"date":"2019-09-19T14:56:55","date_gmt":"2019-09-19T12:56:55","guid":{"rendered":"https:\/\/www.djmarkusrosenbaum.de\/?page_id=8812"},"modified":"2026-01-26T12:41:56","modified_gmt":"2026-01-26T11:41:56","slug":"working-method","status":"publish","type":"page","link":"https:\/\/www.djmarkusrosenbaum.de\/en\/wedding\/working-method\/","title":{"rendered":"This is how I work"},"content":{"rendered":"\n<div class=\"wp-block-cover alignfull is-light djros-cover-image-special\" style=\"min-height:600px;aspect-ratio:unset;\"><img fetchpriority=\"high\" decoding=\"async\" width=\"1500\" height=\"1000\" class=\"wp-block-cover__image-background wp-image-8588\" alt=\"Markus Rosenbaum DJ f\u00fcr Hochzeiten\" src=\"https:\/\/www.djmarkusrosenbaum.de\/wp-content\/uploads\/2019\/08\/dj-hochzeit-markus-rosenbaum-08.jpg\" style=\"object-position:52% 100%\" data-object-fit=\"cover\" data-object-position=\"52% 100%\" srcset=\"https:\/\/www.djmarkusrosenbaum.de\/wp-content\/uploads\/2019\/08\/dj-hochzeit-markus-rosenbaum-08.jpg 1500w, https:\/\/www.djmarkusrosenbaum.de\/wp-content\/uploads\/2019\/08\/dj-hochzeit-markus-rosenbaum-08-300x200.jpg 300w, https:\/\/www.djmarkusrosenbaum.de\/wp-content\/uploads\/2019\/08\/dj-hochzeit-markus-rosenbaum-08-768x512.jpg 768w, https:\/\/www.djmarkusrosenbaum.de\/wp-content\/uploads\/2019\/08\/dj-hochzeit-markus-rosenbaum-08-1024x683.jpg 1024w, https:\/\/www.djmarkusrosenbaum.de\/wp-content\/uploads\/2019\/08\/dj-hochzeit-markus-rosenbaum-08-621x414.jpg 621w\" sizes=\"(max-width: 1500px) 100vw, 1500px\" \/><span aria-hidden=\"true\" class=\"wp-block-cover__background has-background-dim-0 has-background-dim\"><\/span><div class=\"wp-block-cover__inner-container is-layout-flow wp-block-cover-is-layout-flow\">\n<p class=\"has-large-font-size\"><\/p>\n<\/div><\/div>\n\n\n\n\n\n<section class=\"wp-block-uagb-section uagb-section__wrap uagb-section__background-undefined uagb-block-e1c8e6f7\"><div class=\"uagb-section__overlay\"><\/div><div class=\"uagb-section__inner-wrap\">\n<div class=\"wp-block-columns is-layout-flex wp-container-core-columns-is-layout-28f84493 wp-block-columns-is-layout-flex\">\n<div class=\"wp-block-column is-layout-flow wp-block-column-is-layout-flow\">\n<h1 class=\"wp-block-heading djros_headlineserif\">Wedding DJ<br><span>This is how I work<\/span><\/h1>\n<\/div>\n\n\n\n<div class=\"wp-block-column uag-hide-mob is-layout-flow wp-block-column-is-layout-flow\"><\/div>\n<\/div>\n<\/div><\/section>\n\n\n\n<section class=\"wp-block-uagb-section uagb-section__wrap uagb-section__background-undefined uagb-block-6f46cbfd\"><div class=\"uagb-section__overlay\"><\/div><div class=\"uagb-section__inner-wrap\">\n<div class=\"wp-block-columns is-layout-flex wp-container-core-columns-is-layout-28f84493 wp-block-columns-is-layout-flex\">\n<div class=\"wp-block-column is-layout-flow wp-block-column-is-layout-flow\" style=\"flex-basis:30%\">\n<h3 class=\"wp-block-heading\">Your wedding has your own individual style<\/h3>\n<\/div>\n\n\n\n<div class=\"wp-block-column is-layout-flow wp-block-column-is-layout-flow\">\n<p>As a wedding DJ, I offer you the perfect soundtrack for your wedding. Just as all the other details of your wedding reflect you, the same should be true for the music on your big evening. Standard procedures or a preset setlist are not part of my work. Instead, it is particularly important to me that we meet in advance for a detailed consultation to discuss your individual musical expectations. What&#8217;s the kind of music you love? What kind of music do you dislike? Which atmosphere do you envision for your wedding? Which cornerstones in the course of the evening are there that require a different musical backdrop by the DJ? Once I know more about the planning and your preferred musical style, I already have a very good feeling for what suits you and what I can do for you.<\/p>\n<\/div>\n<\/div>\n\n\n\n<div class=\"wp-block-columns is-layout-flex wp-container-core-columns-is-layout-28f84493 wp-block-columns-is-layout-flex\">\n<div class=\"wp-block-column is-layout-flow wp-block-column-is-layout-flow\" style=\"flex-basis:30%\">\n<h3 class=\"wp-block-heading\">I am also happy to advise you on your wedding dance<\/h3>\n<\/div>\n\n\n\n<div class=\"wp-block-column is-layout-flow wp-block-column-is-layout-flow\">\n<p>High-quality stereo equipment, a huge selection of music, a well-groomed appearance and a good feeling for the mood in the evening go without saying for me. With more than 20 years of experience as a wedding DJ, I can guarantee you an evening that will largely take place on the dance floor.<\/p>\n<\/div>\n<\/div>\n<\/div><\/section>\n\n\n\n<section class=\"wp-block-uagb-section uagb-section__wrap uagb-section__background-undefined uagb-block-c12fdec8\"><div class=\"uagb-section__overlay\"><\/div><div class=\"uagb-section__inner-wrap\">\n<div class=\"wp-block-buttons alignwide is-horizontal is-content-justification-center is-layout-flex wp-container-core-buttons-is-layout-03627597 wp-block-buttons-is-layout-flex\">\n<div class=\"wp-block-button has-custom-width wp-block-button__width-50 djros_button\"><a class=\"wp-block-button__link wp-element-button\" href=\"#contactform\">Inquire about your party now!<\/a><\/div>\n<\/div>\n<\/div><\/section>\n\n\n\n<div style=\"height:100px\" aria-hidden=\"true\" class=\"wp-block-spacer\"><\/div>\n","protected":false},"excerpt":{"rendered":"","protected":false},"author":27,"featured_media":0,"parent":8978,"menu_order":0,"comment_status":"closed","ping_status":"closed","template":"","meta":{"_acf_changed":false,"inline_featured_image":false,"_uag_custom_page_level_css":"","site-sidebar-layout":"default","site-content-layout":"default","ast-site-content-layout":"default","site-content-style":"default","site-sidebar-style":"default","ast-global-header-display":"","ast-banner-title-visibility":"","ast-main-header-display":"","ast-hfb-above-header-display":"","ast-hfb-below-header-display":"","ast-hfb-mobile-header-display":"","site-post-title":"disabled","ast-breadcrumbs-content":"","ast-featured-img":"","footer-sml-layout":"","ast-disable-related-posts":"","theme-transparent-header-meta":"default","adv-header-id-meta":"","stick-header-meta":"default","header-above-stick-meta":"","header-main-stick-meta":"","header-below-stick-meta":"","astra-migrate-meta-layouts":"set","ast-page-background-enabled":"default","ast-page-background-meta":{"desktop":{"background-color":"","background-image":"","background-repeat":"repeat","background-position":"center center","background-size":"auto","background-attachment":"scroll","background-type":"","background-media":"","overlay-type":"","overlay-color":"","overlay-opacity":"","overlay-gradient":""},"tablet":{"background-color":"","background-image":"","background-repeat":"repeat","background-position":"center center","background-size":"auto","background-attachment":"scroll","background-type":"","background-media":"","overlay-type":"","overlay-color":"","overlay-opacity":"","overlay-gradient":""},"mobile":{"background-color":"","background-image":"","background-repeat":"repeat","background-position":"center center","background-size":"auto","background-attachment":"scroll","background-type":"","background-media":"","overlay-type":"","overlay-color":"","overlay-opacity":"","overlay-gradient":""}},"ast-content-background-meta":{"desktop":{"background-color":"var(--ast-global-color-5)","background-image":"","background-repeat":"repeat","background-position":"center center","background-size":"auto","background-attachment":"scroll","background-type":"","background-media":"","overlay-type":"","overlay-color":"","overlay-opacity":"","overlay-gradient":""},"tablet":{"background-color":"var(--ast-global-color-5)","background-image":"","background-repeat":"repeat","background-position":"center center","background-size":"auto","background-attachment":"scroll","background-type":"","background-media":"","overlay-type":"","overlay-color":"","overlay-opacity":"","overlay-gradient":""},"mobile":{"background-color":"var(--ast-global-color-5)","background-image":"","background-repeat":"repeat","background-position":"center center","background-size":"auto","background-attachment":"scroll","background-type":"","background-media":"","overlay-type":"","overlay-color":"","overlay-opacity":"","overlay-gradient":""}},"footnotes":""},"class_list":["post-8812","page","type-page","status-publish","hentry"],"acf":[],"yoast_head":"<!-- This site is optimized with the Yoast SEO plugin v27.4 - https:\/\/yoast.com\/product\/yoast-seo-wordpress\/ -->\n<title>This is how I work as (your) wedding DJ - DJ Markus Rosenbaum<\/title>\n<meta name=\"description\" content=\"Find out how I can help you to turn your wedding music into the perfect party. Utilize my wealth of experience from more than 20 years as a successful wedding DJ.\" \/>\n<meta name=\"robots\" content=\"index, follow, max-snippet:-1, max-image-preview:large, max-video-preview:-1\" \/>\n<link rel=\"canonical\" href=\"https:\/\/www.djmarkusrosenbaum.de\/en\/wedding\/working-method\/\" \/>\n<meta property=\"og:locale\" content=\"en_US\" \/>\n<meta property=\"og:type\" content=\"article\" \/>\n<meta property=\"og:title\" content=\"This is how I work as (your) wedding DJ - DJ Markus Rosenbaum\" \/>\n<meta property=\"og:description\" content=\"Find out how I can help you to turn your wedding music into the perfect party. Utilize my wealth of experience from more than 20 years as a successful wedding DJ.\" \/>\n<meta property=\"og:url\" content=\"https:\/\/www.djmarkusrosenbaum.de\/en\/wedding\/working-method\/\" \/>\n<meta property=\"og:site_name\" content=\"DJ Markus Rosenbaum - Top-DJ Deutschland\" \/>\n<meta property=\"article:modified_time\" content=\"2026-01-26T11:41:56+00:00\" \/>\n<meta property=\"og:image\" content=\"https:\/\/www.djmarkusrosenbaum.de\/wp-content\/uploads\/2019\/08\/dj-hochzeit-markus-rosenbaum-08.jpg\" \/>\n\t<meta property=\"og:image:width\" content=\"1500\" \/>\n\t<meta property=\"og:image:height\" content=\"1000\" \/>\n\t<meta property=\"og:image:type\" content=\"image\/jpeg\" \/>\n<meta name=\"twitter:label1\" content=\"Est. reading time\" \/>\n\t<meta name=\"twitter:data1\" content=\"3 minutes\" \/>\n<script type=\"application\/ld+json\" class=\"yoast-schema-graph\">{\"@context\":\"https:\\\/\\\/schema.org\",\"@graph\":[{\"@type\":\"WebPage\",\"@id\":\"https:\\\/\\\/www.djmarkusrosenbaum.de\\\/en\\\/wedding\\\/working-method\\\/\",\"url\":\"https:\\\/\\\/www.djmarkusrosenbaum.de\\\/en\\\/wedding\\\/working-method\\\/\",\"name\":\"This is how I work as (your) wedding DJ - DJ Markus Rosenbaum\",\"isPartOf\":{\"@id\":\"https:\\\/\\\/www.djmarkusrosenbaum.de\\\/#website\"},\"primaryImageOfPage\":{\"@id\":\"https:\\\/\\\/www.djmarkusrosenbaum.de\\\/en\\\/wedding\\\/working-method\\\/#primaryimage\"},\"image\":{\"@id\":\"https:\\\/\\\/www.djmarkusrosenbaum.de\\\/en\\\/wedding\\\/working-method\\\/#primaryimage\"},\"thumbnailUrl\":\"https:\\\/\\\/www.djmarkusrosenbaum.de\\\/wp-content\\\/uploads\\\/2019\\\/08\\\/dj-hochzeit-markus-rosenbaum-08.jpg\",\"datePublished\":\"2019-09-19T12:56:55+00:00\",\"dateModified\":\"2026-01-26T11:41:56+00:00\",\"description\":\"Find out how I can help you to turn your wedding music into the perfect party. Utilize my wealth of experience from more than 20 years as a successful wedding DJ.\",\"breadcrumb\":{\"@id\":\"https:\\\/\\\/www.djmarkusrosenbaum.de\\\/en\\\/wedding\\\/working-method\\\/#breadcrumb\"},\"inLanguage\":\"en-US\",\"potentialAction\":[{\"@type\":\"ReadAction\",\"target\":[\"https:\\\/\\\/www.djmarkusrosenbaum.de\\\/en\\\/wedding\\\/working-method\\\/\"]}]},{\"@type\":\"ImageObject\",\"inLanguage\":\"en-US\",\"@id\":\"https:\\\/\\\/www.djmarkusrosenbaum.de\\\/en\\\/wedding\\\/working-method\\\/#primaryimage\",\"url\":\"https:\\\/\\\/www.djmarkusrosenbaum.de\\\/wp-content\\\/uploads\\\/2019\\\/08\\\/dj-hochzeit-markus-rosenbaum-08.jpg\",\"contentUrl\":\"https:\\\/\\\/www.djmarkusrosenbaum.de\\\/wp-content\\\/uploads\\\/2019\\\/08\\\/dj-hochzeit-markus-rosenbaum-08.jpg\"},{\"@type\":\"BreadcrumbList\",\"@id\":\"https:\\\/\\\/www.djmarkusrosenbaum.de\\\/en\\\/wedding\\\/working-method\\\/#breadcrumb\",\"itemListElement\":[{\"@type\":\"ListItem\",\"position\":1,\"name\":\"Home\",\"item\":\"https:\\\/\\\/www.djmarkusrosenbaum.de\\\/\"},{\"@type\":\"ListItem\",\"position\":2,\"name\":\"Wedding\",\"item\":\"https:\\\/\\\/www.djmarkusrosenbaum.de\\\/en\\\/wedding\\\/\"},{\"@type\":\"ListItem\",\"position\":3,\"name\":\"This is how I work\"}]},{\"@type\":\"WebSite\",\"@id\":\"https:\\\/\\\/www.djmarkusrosenbaum.de\\\/#website\",\"url\":\"https:\\\/\\\/www.djmarkusrosenbaum.de\\\/\",\"name\":\"DJ Markus Rosenbaum - Top-DJ Deutschland\",\"description\":\"DJ f\u00fcr Hochzeiten und Events in D\u00fcsseldorf, K\u00f6ln und NRW\",\"publisher\":{\"@id\":\"https:\\\/\\\/www.djmarkusrosenbaum.de\\\/#organization\"},\"potentialAction\":[{\"@type\":\"SearchAction\",\"target\":{\"@type\":\"EntryPoint\",\"urlTemplate\":\"https:\\\/\\\/www.djmarkusrosenbaum.de\\\/?s={search_term_string}\"},\"query-input\":{\"@type\":\"PropertyValueSpecification\",\"valueRequired\":true,\"valueName\":\"search_term_string\"}}],\"inLanguage\":\"en-US\"},{\"@type\":\"Organization\",\"@id\":\"https:\\\/\\\/www.djmarkusrosenbaum.de\\\/#organization\",\"name\":\"DJ Markus Rosenbaum - Top-DJ Deutschland\",\"url\":\"https:\\\/\\\/www.djmarkusrosenbaum.de\\\/\",\"logo\":{\"@type\":\"ImageObject\",\"inLanguage\":\"en-US\",\"@id\":\"https:\\\/\\\/www.djmarkusrosenbaum.de\\\/#\\\/schema\\\/logo\\\/image\\\/\",\"url\":\"https:\\\/\\\/www.djmarkusrosenbaum.de\\\/wp-content\\\/uploads\\\/2017\\\/02\\\/cropped-logo-schwarz@2x.png\",\"contentUrl\":\"https:\\\/\\\/www.djmarkusrosenbaum.de\\\/wp-content\\\/uploads\\\/2017\\\/02\\\/cropped-logo-schwarz@2x.png\",\"width\":480,\"height\":481,\"caption\":\"DJ Markus Rosenbaum - Top-DJ Deutschland\"},\"image\":{\"@id\":\"https:\\\/\\\/www.djmarkusrosenbaum.de\\\/#\\\/schema\\\/logo\\\/image\\\/\"}}]}<\/script>\n<!-- \/ Yoast SEO plugin. -->","yoast_head_json":{"title":"This is how I work as (your) wedding DJ - DJ Markus Rosenbaum","description":"Find out how I can help you to turn your wedding music into the perfect party. Utilize my wealth of experience from more than 20 years as a successful wedding DJ.","robots":{"index":"index","follow":"follow","max-snippet":"max-snippet:-1","max-image-preview":"max-image-preview:large","max-video-preview":"max-video-preview:-1"},"canonical":"https:\/\/www.djmarkusrosenbaum.de\/en\/wedding\/working-method\/","og_locale":"en_US","og_type":"article","og_title":"This is how I work as (your) wedding DJ - DJ Markus Rosenbaum","og_description":"Find out how I can help you to turn your wedding music into the perfect party. Utilize my wealth of experience from more than 20 years as a successful wedding DJ.","og_url":"https:\/\/www.djmarkusrosenbaum.de\/en\/wedding\/working-method\/","og_site_name":"DJ Markus Rosenbaum - Top-DJ Deutschland","article_modified_time":"2026-01-26T11:41:56+00:00","og_image":[{"width":1500,"height":1000,"url":"https:\/\/www.djmarkusrosenbaum.de\/wp-content\/uploads\/2019\/08\/dj-hochzeit-markus-rosenbaum-08.jpg","type":"image\/jpeg"}],"twitter_misc":{"Est. reading time":"3 minutes"},"schema":{"@context":"https:\/\/schema.org","@graph":[{"@type":"WebPage","@id":"https:\/\/www.djmarkusrosenbaum.de\/en\/wedding\/working-method\/","url":"https:\/\/www.djmarkusrosenbaum.de\/en\/wedding\/working-method\/","name":"This is how I work as (your) wedding DJ - DJ Markus Rosenbaum","isPartOf":{"@id":"https:\/\/www.djmarkusrosenbaum.de\/#website"},"primaryImageOfPage":{"@id":"https:\/\/www.djmarkusrosenbaum.de\/en\/wedding\/working-method\/#primaryimage"},"image":{"@id":"https:\/\/www.djmarkusrosenbaum.de\/en\/wedding\/working-method\/#primaryimage"},"thumbnailUrl":"https:\/\/www.djmarkusrosenbaum.de\/wp-content\/uploads\/2019\/08\/dj-hochzeit-markus-rosenbaum-08.jpg","datePublished":"2019-09-19T12:56:55+00:00","dateModified":"2026-01-26T11:41:56+00:00","description":"Find out how I can help you to turn your wedding music into the perfect party. Utilize my wealth of experience from more than 20 years as a successful wedding DJ.","breadcrumb":{"@id":"https:\/\/www.djmarkusrosenbaum.de\/en\/wedding\/working-method\/#breadcrumb"},"inLanguage":"en-US","potentialAction":[{"@type":"ReadAction","target":["https:\/\/www.djmarkusrosenbaum.de\/en\/wedding\/working-method\/"]}]},{"@type":"ImageObject","inLanguage":"en-US","@id":"https:\/\/www.djmarkusrosenbaum.de\/en\/wedding\/working-method\/#primaryimage","url":"https:\/\/www.djmarkusrosenbaum.de\/wp-content\/uploads\/2019\/08\/dj-hochzeit-markus-rosenbaum-08.jpg","contentUrl":"https:\/\/www.djmarkusrosenbaum.de\/wp-content\/uploads\/2019\/08\/dj-hochzeit-markus-rosenbaum-08.jpg"},{"@type":"BreadcrumbList","@id":"https:\/\/www.djmarkusrosenbaum.de\/en\/wedding\/working-method\/#breadcrumb","itemListElement":[{"@type":"ListItem","position":1,"name":"Home","item":"https:\/\/www.djmarkusrosenbaum.de\/"},{"@type":"ListItem","position":2,"name":"Wedding","item":"https:\/\/www.djmarkusrosenbaum.de\/en\/wedding\/"},{"@type":"ListItem","position":3,"name":"This is how I work"}]},{"@type":"WebSite","@id":"https:\/\/www.djmarkusrosenbaum.de\/#website","url":"https:\/\/www.djmarkusrosenbaum.de\/","name":"DJ Markus Rosenbaum - Top-DJ Deutschland","description":"DJ f\u00fcr Hochzeiten und Events in D\u00fcsseldorf, K\u00f6ln und NRW","publisher":{"@id":"https:\/\/www.djmarkusrosenbaum.de\/#organization"},"potentialAction":[{"@type":"SearchAction","target":{"@type":"EntryPoint","urlTemplate":"https:\/\/www.djmarkusrosenbaum.de\/?s={search_term_string}"},"query-input":{"@type":"PropertyValueSpecification","valueRequired":true,"valueName":"search_term_string"}}],"inLanguage":"en-US"},{"@type":"Organization","@id":"https:\/\/www.djmarkusrosenbaum.de\/#organization","name":"DJ Markus Rosenbaum - Top-DJ Deutschland","url":"https:\/\/www.djmarkusrosenbaum.de\/","logo":{"@type":"ImageObject","inLanguage":"en-US","@id":"https:\/\/www.djmarkusrosenbaum.de\/#\/schema\/logo\/image\/","url":"https:\/\/www.djmarkusrosenbaum.de\/wp-content\/uploads\/2017\/02\/cropped-logo-schwarz@2x.png","contentUrl":"https:\/\/www.djmarkusrosenbaum.de\/wp-content\/uploads\/2017\/02\/cropped-logo-schwarz@2x.png","width":480,"height":481,"caption":"DJ Markus Rosenbaum - Top-DJ Deutschland"},"image":{"@id":"https:\/\/www.djmarkusrosenbaum.de\/#\/schema\/logo\/image\/"}}]}},"uagb_featured_image_src":{"full":false,"thumbnail":false,"medium":false,"medium_large":false,"large":false,"1536x1536":false,"2048x2048":false,"kml-post-size":false,"gform-image-choice-sm":false,"gform-image-choice-md":false,"gform-image-choice-lg":false},"uagb_author_info":{"display_name":false,"author_link":"https:\/\/www.djmarkusrosenbaum.de\/en\/blog\/author\/andreb\/"},"uagb_comment_info":0,"uagb_excerpt":null,"_links":{"self":[{"href":"https:\/\/www.djmarkusrosenbaum.de\/en\/wp-json\/wp\/v2\/pages\/8812","targetHints":{"allow":["GET"]}}],"collection":[{"href":"https:\/\/www.djmarkusrosenbaum.de\/en\/wp-json\/wp\/v2\/pages"}],"about":[{"href":"https:\/\/www.djmarkusrosenbaum.de\/en\/wp-json\/wp\/v2\/types\/page"}],"author":[{"embeddable":true,"href":"https:\/\/www.djmarkusrosenbaum.de\/en\/wp-json\/wp\/v2\/users\/27"}],"replies":[{"embeddable":true,"href":"https:\/\/www.djmarkusrosenbaum.de\/en\/wp-json\/wp\/v2\/comments?post=8812"}],"version-history":[{"count":0,"href":"https:\/\/www.djmarkusrosenbaum.de\/en\/wp-json\/wp\/v2\/pages\/8812\/revisions"}],"up":[{"embeddable":true,"href":"https:\/\/www.djmarkusrosenbaum.de\/en\/wp-json\/wp\/v2\/pages\/8978"}],"wp:attachment":[{"href":"https:\/\/www.djmarkusrosenbaum.de\/en\/wp-json\/wp\/v2\/media?parent=8812"}],"curies":[{"name":"wp","href":"https:\/\/api.w.org\/{rel}","templated":true}]}}